{"id":952,"date":"2020-04-29T08:54:31","date_gmt":"2020-04-29T05:54:31","guid":{"rendered":"https:\/\/goldentree.lt\/paslaugos\/"},"modified":"2023-01-27T12:39:45","modified_gmt":"2023-01-27T09:39:45","slug":"services","status":"publish","type":"page","link":"https:\/\/goldentree.lt\/en\/services\/","title":{"rendered":"Services"},"content":{"rendered":"<section class=\"l-section wpb_row us_custom_eb849559 height_large\"><div class=\"l-section-h i-cf\"><div class=\"g-cols vc_row via_flex valign_top type_default stacking_default\"><div class=\"vc_col-sm-12 wpb_column vc_column_container us_animate_afb\"><div class=\"vc_column-inner\"><div class=\"wpb_wrapper\"><h1 class=\"w-post-elm post_title align_center entry-title color_link_inherit\">Services<\/h1><div class=\"w-separator size_small\"><\/div><div class=\"wpb_text_column\"><div class=\"wpb_wrapper\"><p>GoldenTree is developing packaging and priting solutions of exceptional design utilizing sophisticated color printing services that provide your brand, your products, and your company with a competitive edge.<br \/>\nOur GoldenTree Team is committed to the achievement and assurance of quality.<\/p>\n<\/div><\/div><div class=\"w-separator size_small\"><\/div><div class=\"wpb_text_column\"><div class=\"wpb_wrapper\"><p>We take great pride in the ability to find new and innovative ways, not only to produce outstanding paper bags, but also brochures, packages, books, board games, tatoo stickers and puzzles. Don&#8217;t hesitate to send us Your request.<\/p>\n<\/div><\/div><\/div><\/div><\/div><\/div><\/div><\/section><section class=\"l-section wpb_row paslaugu-ikoneles height_small\"><div class=\"l-section-h i-cf\"><div class=\"g-cols vc_row via_flex valign_top type_default stacking_default\"><div class=\"vc_col-sm-12 wpb_column vc_column_container us_animate_afb\" style=\"animation-delay:0.2s\"><div class=\"vc_column-inner\"><div class=\"wpb_wrapper\"><div class=\"wpb_text_column us_custom_72861fcb\"><div class=\"wpb_wrapper\"><h2>GoldenTree is developing and printing<\/h2>\n<\/div><\/div><div class=\"g-cols wpb_row via_flex valign_top type_default stacking_default\"><div class=\"vc_col-sm-3 vc_col-xs-6 wpb_column vc_column_container\"><div class=\"vc_column-inner\"><div class=\"wpb_wrapper\"><div class=\"w-image align_center\"><div class=\"w-image-h\"><img width=\"64\" height=\"64\" src=\"https:\/\/goldentree.lt\/wp-content\/uploads\/2020\/04\/gift-shop.svg\" class=\"attachment-us_64_64 size-us_64_64\" alt=\"\" decoding=\"async\" loading=\"lazy\" \/><\/div><\/div><div class=\"w-separator size_small\"><\/div><div class=\"wpb_text_column\"><div class=\"wpb_wrapper\"><p style=\"text-align: center;\"><strong>Paper Gift pags<\/strong><\/p>\n<\/div><\/div><\/div><\/div><\/div><div class=\"vc_col-sm-3 vc_col-xs-6 wpb_column vc_column_container\"><div class=\"vc_column-inner\"><div class=\"wpb_wrapper\"><div class=\"w-image align_center\"><div class=\"w-image-h\"><img width=\"64\" height=\"64\" src=\"https:\/\/goldentree.lt\/wp-content\/uploads\/2020\/04\/shopping-bag.svg\" class=\"attachment-us_64_64 size-us_64_64\" alt=\"\" decoding=\"async\" loading=\"lazy\" \/><\/div><\/div><div class=\"w-separator size_small\"><\/div><div class=\"wpb_text_column\"><div class=\"wpb_wrapper\"><p style=\"text-align: center;\"><strong>Kraft shopping bags<\/strong><\/p>\n<\/div><\/div><\/div><\/div><\/div><div class=\"vc_col-sm-3 vc_col-xs-6 wpb_column vc_column_container\"><div class=\"vc_column-inner\"><div class=\"wpb_wrapper\"><div class=\"w-image align_center\"><div class=\"w-image-h\"><img width=\"64\" height=\"64\" src=\"https:\/\/goldentree.lt\/wp-content\/uploads\/2020\/04\/tote-bag.svg\" class=\"attachment-us_64_64 size-us_64_64\" alt=\"\" decoding=\"async\" loading=\"lazy\" \/><\/div><\/div><div class=\"w-separator size_small\"><\/div><div class=\"wpb_text_column\"><div class=\"wpb_wrapper\"><p style=\"text-align: center;\"><strong>Non Woven Cotton bags<\/strong><\/p>\n<\/div><\/div><\/div><\/div><\/div><div class=\"vc_col-sm-3 vc_col-xs-6 wpb_column vc_column_container\"><div class=\"vc_column-inner\"><div class=\"wpb_wrapper\"><div class=\"w-image align_center\"><div class=\"w-image-h\"><img width=\"64\" height=\"64\" src=\"https:\/\/goldentree.lt\/wp-content\/uploads\/2020\/04\/recycled-plastic-bag.svg\" class=\"attachment-us_64_64 size-us_64_64\" alt=\"\" decoding=\"async\" loading=\"lazy\" \/><\/div><\/div><div class=\"w-separator size_small\"><\/div><div class=\"wpb_text_column\"><div class=\"wpb_wrapper\"><p style=\"text-align: center;\"><strong>Plastic bags<\/strong><\/p>\n<\/div><\/div><\/div><\/div><\/div><\/div><div class=\"w-separator size_medium\"><\/div><div class=\"g-cols wpb_row via_flex valign_top type_default stacking_default\"><div class=\"vc_col-sm-3 vc_col-xs-6 wpb_column vc_column_container\"><div class=\"vc_column-inner\"><div class=\"wpb_wrapper\"><div class=\"w-image align_center\"><div class=\"w-image-h\"><img width=\"64\" height=\"64\" src=\"https:\/\/goldentree.lt\/wp-content\/uploads\/2020\/04\/menu.svg\" class=\"attachment-us_64_64 size-us_64_64\" alt=\"\" decoding=\"async\" loading=\"lazy\" \/><\/div><\/div><div class=\"w-separator size_small\"><\/div><div class=\"wpb_text_column\"><div class=\"wpb_wrapper\"><p style=\"text-align: center;\"><strong>Brochures<\/strong><\/p>\n<\/div><\/div><\/div><\/div><\/div><div class=\"vc_col-sm-3 vc_col-xs-6 wpb_column vc_column_container\"><div class=\"vc_column-inner\"><div class=\"wpb_wrapper\"><div class=\"w-image align_center\"><div class=\"w-image-h\"><img width=\"64\" height=\"64\" src=\"https:\/\/goldentree.lt\/wp-content\/uploads\/2020\/04\/folder.svg\" class=\"attachment-us_64_64 size-us_64_64\" alt=\"\" decoding=\"async\" loading=\"lazy\" \/><\/div><\/div><div class=\"w-separator size_small\"><\/div><div class=\"wpb_text_column\"><div class=\"wpb_wrapper\"><p style=\"text-align: center;\"><strong>Folders<\/strong><\/p>\n<\/div><\/div><\/div><\/div><\/div><div class=\"vc_col-sm-3 vc_col-xs-6 wpb_column vc_column_container\"><div class=\"vc_column-inner\"><div class=\"wpb_wrapper\"><div class=\"w-image align_center\"><div class=\"w-image-h\"><img width=\"64\" height=\"64\" src=\"https:\/\/goldentree.lt\/wp-content\/uploads\/2020\/04\/books.svg\" class=\"attachment-us_64_64 size-us_64_64\" alt=\"\" decoding=\"async\" loading=\"lazy\" \/><\/div><\/div><div class=\"w-separator size_small\"><\/div><div class=\"wpb_text_column\"><div class=\"wpb_wrapper\"><p style=\"text-align: center;\"><strong>Books<\/strong><\/p>\n<\/div><\/div><\/div><\/div><\/div><div class=\"vc_col-sm-3 vc_col-xs-6 wpb_column vc_column_container\"><div class=\"vc_column-inner\"><div class=\"wpb_wrapper\"><div class=\"w-image align_center\"><div class=\"w-image-h\"><img width=\"64\" height=\"64\" src=\"https:\/\/goldentree.lt\/wp-content\/uploads\/2020\/04\/shipping-and-delivery.svg\" class=\"attachment-us_64_64 size-us_64_64\" alt=\"\" decoding=\"async\" loading=\"lazy\" \/><\/div><\/div><div class=\"w-separator size_small\"><\/div><div class=\"wpb_text_column\"><div class=\"wpb_wrapper\"><p style=\"text-align: center;\"><strong>Packages<\/strong><\/p>\n<\/div><\/div><\/div><\/div><\/div><\/div><div class=\"w-separator size_medium\"><\/div><div class=\"g-cols wpb_row via_flex valign_top type_default stacking_default\"><div class=\"vc_col-sm-3 vc_col-xs-6 wpb_column vc_column_container\"><div class=\"vc_column-inner\"><div class=\"wpb_wrapper\"><div class=\"w-image align_center\"><div class=\"w-image-h\"><img width=\"64\" height=\"64\" src=\"https:\/\/goldentree.lt\/wp-content\/uploads\/2020\/04\/backgammon.svg\" class=\"attachment-us_64_64 size-us_64_64\" alt=\"\" decoding=\"async\" loading=\"lazy\" \/><\/div><\/div><div class=\"w-separator size_small\"><\/div><div class=\"wpb_text_column\"><div class=\"wpb_wrapper\"><p style=\"text-align: center;\"><strong>Board Games<\/strong><\/p>\n<\/div><\/div><\/div><\/div><\/div><div class=\"vc_col-sm-3 vc_col-xs-6 wpb_column vc_column_container\"><div class=\"vc_column-inner\"><div class=\"wpb_wrapper\"><div class=\"w-image align_center\"><div class=\"w-image-h\"><img width=\"64\" height=\"64\" src=\"https:\/\/goldentree.lt\/wp-content\/uploads\/2020\/04\/business.svg\" class=\"attachment-us_64_64 size-us_64_64\" alt=\"\" decoding=\"async\" loading=\"lazy\" \/><\/div><\/div><div class=\"w-separator size_small\"><\/div><div class=\"wpb_text_column\"><div class=\"wpb_wrapper\"><p style=\"text-align: center;\"><strong>Labels Puzzles<\/strong><\/p>\n<\/div><\/div><\/div><\/div><\/div><div class=\"vc_col-sm-3 vc_col-xs-6 wpb_column vc_column_container\"><div class=\"vc_column-inner\"><div class=\"wpb_wrapper\"><div class=\"w-image align_center\"><div class=\"w-image-h\"><img width=\"64\" height=\"64\" src=\"https:\/\/goldentree.lt\/wp-content\/uploads\/2020\/04\/print.svg\" class=\"attachment-us_64_64 size-us_64_64\" alt=\"\" decoding=\"async\" loading=\"lazy\" \/><\/div><\/div><div class=\"w-separator size_small\"><\/div><div class=\"wpb_text_column\"><div class=\"wpb_wrapper\"><p style=\"text-align: center;\"><strong>Posters<\/strong><\/p>\n<\/div><\/div><\/div><\/div><\/div><div class=\"vc_col-sm-3 vc_col-xs-6 wpb_column vc_column_container\"><div class=\"vc_column-inner\"><div class=\"wpb_wrapper\"><div class=\"w-image align_center\"><div class=\"w-image-h\"><img width=\"64\" height=\"64\" src=\"https:\/\/goldentree.lt\/wp-content\/uploads\/2020\/04\/black.svg\" class=\"attachment-us_64_64 size-us_64_64\" alt=\"\" decoding=\"async\" loading=\"lazy\" \/><\/div><\/div><div class=\"w-separator size_small\"><\/div><div class=\"wpb_text_column\"><div class=\"wpb_wrapper\"><p style=\"text-align: center;\"><strong>Wobblers<\/strong><\/p>\n<\/div><\/div><\/div><\/div><\/div><\/div><div class=\"w-separator size_medium\"><\/div><div class=\"g-cols wpb_row us_custom_71a8a418 via_flex valign_top type_default stacking_default\"><div class=\"vc_col-sm-3 wpb_column vc_column_container\"><div class=\"vc_column-inner\"><div class=\"wpb_wrapper\"><\/div><\/div><\/div><div class=\"vc_col-sm-3 vc_col-xs-6 wpb_column vc_column_container\"><div class=\"vc_column-inner\"><div class=\"wpb_wrapper\"><div class=\"w-image align_center\"><div class=\"w-image-h\"><img width=\"64\" height=\"64\" src=\"https:\/\/goldentree.lt\/wp-content\/uploads\/2020\/04\/sign.svg\" class=\"attachment-us_64_64 size-us_64_64\" alt=\"\" decoding=\"async\" loading=\"lazy\" \/><\/div><\/div><div class=\"w-separator size_small\"><\/div><div class=\"wpb_text_column\"><div class=\"wpb_wrapper\"><p style=\"text-align: center;\"><strong>Tatoo<\/strong><\/p>\n<\/div><\/div><\/div><\/div><\/div><div class=\"vc_col-sm-3 vc_col-xs-6 wpb_column vc_column_container\"><div class=\"vc_column-inner\"><div class=\"wpb_wrapper\"><div class=\"w-image align_center\"><div class=\"w-image-h\"><img width=\"64\" height=\"64\" src=\"https:\/\/goldentree.lt\/wp-content\/uploads\/2020\/04\/tag.svg\" class=\"attachment-us_64_64 size-us_64_64\" alt=\"\" decoding=\"async\" loading=\"lazy\" \/><\/div><\/div><div class=\"w-separator size_small\"><\/div><div class=\"wpb_text_column\"><div class=\"wpb_wrapper\"><p style=\"text-align: center;\"><strong>Labels<\/strong><\/p>\n<\/div><\/div><\/div><\/div><\/div><div class=\"vc_col-sm-3 wpb_column vc_column_container\"><div class=\"vc_column-inner\"><div class=\"wpb_wrapper\"><\/div><\/div><\/div><\/div><div class=\"w-separator size_medium\"><\/div><\/div><\/div><\/div><\/div><\/div><\/section>\n","protected":false},"excerpt":{"rendered":"ServicesGoldenTree is developing packaging and priting solutions of exceptional design utilizing sophisticated color printing services that provide your brand, your products, and your company with a competitive edge. Our GoldenTree Team is committed to the achievement and assurance of quality. We take great pride in the ability to find new and innovative ways, not only...","protected":false},"author":1,"featured_media":791,"parent":0,"menu_order":0,"comment_status":"closed","ping_status":"closed","template":"","meta":[],"yoast_head":"<!-- This site is optimized with the Yoast SEO plugin v20.0 - https:\/\/yoast.com\/wordpress\/plugins\/seo\/ -->\n<title>Spaudos ir dizaino paslaugos - Spauda drauge su gamta - GoldenTree<\/title>\n<meta name=\"description\" content=\"Spaudos ir dizaino paslaugos. Esame lankst\u016bs, atsi\u017evelgiame \u012f klient\u0173 pageidavimus. Visada lauksime J\u016bs\u0173 u\u017eklaus\u0173. Spauda drauge su gamta.\" \/>\n<meta name=\"robots\" content=\"index, follow, max-snippet:-1, max-image-preview:large, max-video-preview:-1\" \/>\n<link rel=\"canonical\" href=\"https:\/\/goldentree.lt\/en\/services\/\" \/>\n<meta property=\"og:locale\" content=\"en_US\" \/>\n<meta property=\"og:type\" content=\"article\" \/>\n<meta property=\"og:title\" content=\"Spaudos ir dizaino paslaugos - Spauda drauge su gamta - GoldenTree\" \/>\n<meta property=\"og:description\" content=\"Spaudos ir dizaino paslaugos. Esame lankst\u016bs, atsi\u017evelgiame \u012f klient\u0173 pageidavimus. Visada lauksime J\u016bs\u0173 u\u017eklaus\u0173. Spauda drauge su gamta.\" \/>\n<meta property=\"og:url\" content=\"https:\/\/goldentree.lt\/en\/services\/\" \/>\n<meta property=\"og:site_name\" content=\"GoldenTree\" \/>\n<meta property=\"article:publisher\" content=\"https:\/\/www.facebook.com\/goldentreelithuania\" \/>\n<meta property=\"article:modified_time\" content=\"2023-01-27T09:39:45+00:00\" \/>\n<meta property=\"og:image\" content=\"https:\/\/goldentree.lt\/wp-content\/uploads\/2020\/04\/IMG_2421-OK.jpg\" \/>\n\t<meta property=\"og:image:width\" content=\"1000\" \/>\n\t<meta property=\"og:image:height\" content=\"1143\" \/>\n\t<meta property=\"og:image:type\" content=\"image\/jpeg\" \/>\n<meta name=\"twitter:card\" content=\"summary_large_image\" \/>\n<meta name=\"twitter:label1\" content=\"Est. reading time\" \/>\n\t<meta name=\"twitter:data1\" content=\"2 minutes\" \/>\n<script type=\"application\/ld+json\" class=\"yoast-schema-graph\">{\"@context\":\"https:\/\/schema.org\",\"@graph\":[{\"@type\":\"WebPage\",\"@id\":\"https:\/\/goldentree.lt\/en\/services\/\",\"url\":\"https:\/\/goldentree.lt\/en\/services\/\",\"name\":\"Spaudos ir dizaino paslaugos - Spauda drauge su gamta - GoldenTree\",\"isPartOf\":{\"@id\":\"https:\/\/goldentree.lt\/en\/#website\"},\"datePublished\":\"2020-04-29T05:54:31+00:00\",\"dateModified\":\"2023-01-27T09:39:45+00:00\",\"description\":\"Spaudos ir dizaino paslaugos. Esame lankst\u016bs, atsi\u017evelgiame \u012f klient\u0173 pageidavimus. Visada lauksime J\u016bs\u0173 u\u017eklaus\u0173. Spauda drauge su gamta.\",\"breadcrumb\":{\"@id\":\"https:\/\/goldentree.lt\/en\/services\/#breadcrumb\"},\"inLanguage\":\"en-US\",\"potentialAction\":[{\"@type\":\"ReadAction\",\"target\":[\"https:\/\/goldentree.lt\/en\/services\/\"]}]},{\"@type\":\"BreadcrumbList\",\"@id\":\"https:\/\/goldentree.lt\/en\/services\/#breadcrumb\",\"itemListElement\":[{\"@type\":\"ListItem\",\"position\":1,\"name\":\"Home\",\"item\":\"https:\/\/goldentree.lt\/en\/\"},{\"@type\":\"ListItem\",\"position\":2,\"name\":\"Services\"}]},{\"@type\":\"WebSite\",\"@id\":\"https:\/\/goldentree.lt\/en\/#website\",\"url\":\"https:\/\/goldentree.lt\/en\/\",\"name\":\"GolderTree\",\"description\":\"Printed is better than perfect\",\"publisher\":{\"@id\":\"https:\/\/goldentree.lt\/en\/#organization\"},\"potentialAction\":[{\"@type\":\"SearchAction\",\"target\":{\"@type\":\"EntryPoint\",\"urlTemplate\":\"https:\/\/goldentree.lt\/en\/?s={search_term_string}\"},\"query-input\":\"required name=search_term_string\"}],\"inLanguage\":\"en-US\"},{\"@type\":\"Organization\",\"@id\":\"https:\/\/goldentree.lt\/en\/#organization\",\"name\":\"GoldenTree\",\"url\":\"https:\/\/goldentree.lt\/en\/\",\"logo\":{\"@type\":\"ImageObject\",\"inLanguage\":\"en-US\",\"@id\":\"https:\/\/goldentree.lt\/en\/#\/schema\/logo\/image\/\",\"url\":\"https:\/\/goldentree.lt\/wp-content\/uploads\/2021\/05\/GoldenTree-logo.png\",\"contentUrl\":\"https:\/\/goldentree.lt\/wp-content\/uploads\/2021\/05\/GoldenTree-logo.png\",\"width\":227,\"height\":227,\"caption\":\"GoldenTree\"},\"image\":{\"@id\":\"https:\/\/goldentree.lt\/en\/#\/schema\/logo\/image\/\"},\"sameAs\":[\"https:\/\/www.instagram.com\/goldentree_lithuania\/\",\"https:\/\/www.facebook.com\/goldentreelithuania\"]}]}<\/script>\n<!-- \/ Yoast SEO plugin. -->","yoast_head_json":{"title":"Spaudos ir dizaino paslaugos - Spauda drauge su gamta - GoldenTree","description":"Spaudos ir dizaino paslaugos. Esame lankst\u016bs, atsi\u017evelgiame \u012f klient\u0173 pageidavimus. Visada lauksime J\u016bs\u0173 u\u017eklaus\u0173. Spauda drauge su gamta.","robots":{"index":"index","follow":"follow","max-snippet":"max-snippet:-1","max-image-preview":"max-image-preview:large","max-video-preview":"max-video-preview:-1"},"canonical":"https:\/\/goldentree.lt\/en\/services\/","og_locale":"en_US","og_type":"article","og_title":"Spaudos ir dizaino paslaugos - Spauda drauge su gamta - GoldenTree","og_description":"Spaudos ir dizaino paslaugos. Esame lankst\u016bs, atsi\u017evelgiame \u012f klient\u0173 pageidavimus. Visada lauksime J\u016bs\u0173 u\u017eklaus\u0173. Spauda drauge su gamta.","og_url":"https:\/\/goldentree.lt\/en\/services\/","og_site_name":"GoldenTree","article_publisher":"https:\/\/www.facebook.com\/goldentreelithuania","article_modified_time":"2023-01-27T09:39:45+00:00","og_image":[{"width":1000,"height":1143,"url":"https:\/\/goldentree.lt\/wp-content\/uploads\/2020\/04\/IMG_2421-OK.jpg","type":"image\/jpeg"}],"twitter_card":"summary_large_image","twitter_misc":{"Est. reading time":"2 minutes"},"schema":{"@context":"https:\/\/schema.org","@graph":[{"@type":"WebPage","@id":"https:\/\/goldentree.lt\/en\/services\/","url":"https:\/\/goldentree.lt\/en\/services\/","name":"Spaudos ir dizaino paslaugos - Spauda drauge su gamta - GoldenTree","isPartOf":{"@id":"https:\/\/goldentree.lt\/en\/#website"},"datePublished":"2020-04-29T05:54:31+00:00","dateModified":"2023-01-27T09:39:45+00:00","description":"Spaudos ir dizaino paslaugos. Esame lankst\u016bs, atsi\u017evelgiame \u012f klient\u0173 pageidavimus. Visada lauksime J\u016bs\u0173 u\u017eklaus\u0173. Spauda drauge su gamta.","breadcrumb":{"@id":"https:\/\/goldentree.lt\/en\/services\/#breadcrumb"},"inLanguage":"en-US","potentialAction":[{"@type":"ReadAction","target":["https:\/\/goldentree.lt\/en\/services\/"]}]},{"@type":"BreadcrumbList","@id":"https:\/\/goldentree.lt\/en\/services\/#breadcrumb","itemListElement":[{"@type":"ListItem","position":1,"name":"Home","item":"https:\/\/goldentree.lt\/en\/"},{"@type":"ListItem","position":2,"name":"Services"}]},{"@type":"WebSite","@id":"https:\/\/goldentree.lt\/en\/#website","url":"https:\/\/goldentree.lt\/en\/","name":"GolderTree","description":"Printed is better than perfect","publisher":{"@id":"https:\/\/goldentree.lt\/en\/#organization"},"potentialAction":[{"@type":"SearchAction","target":{"@type":"EntryPoint","urlTemplate":"https:\/\/goldentree.lt\/en\/?s={search_term_string}"},"query-input":"required name=search_term_string"}],"inLanguage":"en-US"},{"@type":"Organization","@id":"https:\/\/goldentree.lt\/en\/#organization","name":"GoldenTree","url":"https:\/\/goldentree.lt\/en\/","logo":{"@type":"ImageObject","inLanguage":"en-US","@id":"https:\/\/goldentree.lt\/en\/#\/schema\/logo\/image\/","url":"https:\/\/goldentree.lt\/wp-content\/uploads\/2021\/05\/GoldenTree-logo.png","contentUrl":"https:\/\/goldentree.lt\/wp-content\/uploads\/2021\/05\/GoldenTree-logo.png","width":227,"height":227,"caption":"GoldenTree"},"image":{"@id":"https:\/\/goldentree.lt\/en\/#\/schema\/logo\/image\/"},"sameAs":["https:\/\/www.instagram.com\/goldentree_lithuania\/","https:\/\/www.facebook.com\/goldentreelithuania"]}]}},"_links":{"self":[{"href":"https:\/\/goldentree.lt\/en\/wp-json\/wp\/v2\/pages\/952"}],"collection":[{"href":"https:\/\/goldentree.lt\/en\/wp-json\/wp\/v2\/pages"}],"about":[{"href":"https:\/\/goldentree.lt\/en\/wp-json\/wp\/v2\/types\/page"}],"author":[{"embeddable":true,"href":"https:\/\/goldentree.lt\/en\/wp-json\/wp\/v2\/users\/1"}],"replies":[{"embeddable":true,"href":"https:\/\/goldentree.lt\/en\/wp-json\/wp\/v2\/comments?post=952"}],"version-history":[{"count":9,"href":"https:\/\/goldentree.lt\/en\/wp-json\/wp\/v2\/pages\/952\/revisions"}],"predecessor-version":[{"id":998,"href":"https:\/\/goldentree.lt\/en\/wp-json\/wp\/v2\/pages\/952\/revisions\/998"}],"wp:featuredmedia":[{"embeddable":true,"href":"https:\/\/goldentree.lt\/en\/wp-json\/wp\/v2\/media\/791"}],"wp:attachment":[{"href":"https:\/\/goldentree.lt\/en\/wp-json\/wp\/v2\/media?parent=952"}],"curies":[{"name":"wp","href":"https:\/\/api.w.org\/{rel}","templated":true}]}}